{"id":5495,"date":"2012-08-13T06:59:34","date_gmt":"2012-08-13T04:59:34","guid":{"rendered":"http:\/\/jomhouri.com\/jomhouri\/?page_id=5495"},"modified":"2012-08-19T03:07:52","modified_gmt":"2012-08-19T01:07:52","slug":"hamayesh5","status":"publish","type":"page","link":"http:\/\/jomhouri.com\/jomhouri\/hamayesh5","title":{"rendered":"\u0647\u0645\u0627\u064a\u0634 \u067e\u0646\u062c\u0645 \u0627\u062a\u062d\u0627\u062f \u062c\u0645\u0647\u0648\u0631\u06cc \u062e\u0648\u0627\u0647\u0627\u0646 \u0627\u064a\u0631\u0627\u0646"},"content":{"rendered":"<p>\u067e\u0646\u062c\u0645\u064a\u0646 \u0647\u0645\u0627\u064a\u0634 \u0627\u062a\u062d\u0627\u062f \u062c\u0645\u0647\u0648\u0631\u06cc \u062e\u0648\u0627\u0647\u0627\u0646 \u0627\u064a\u0631\u0627\u0646 \u0627\u0632 <strong>\u062f\u0648\u0627\u0632\u062f\u0647 \u062a\u0627 \u0686\u0647\u0627\u0631\u062f\u0647\u0645 \u0645\u0627\u0647 \u0627\u06a9\u062a\u0628\u0631<\/strong> \u0633\u0627\u0644 2012 \u0628\u0631\u06af\u0632\u0627\u0631 \u0645\u06cc \u0634\u0648\u062f.<\/p>\n<p><strong>\u0645\u062d\u0644 \u0628\u0631\u06af\u0632\u0627\u0631\u06cc:<\/strong> \u0645\u062d\u0644 \u0628\u0631\u06af\u0632\u0627\u0631\u06cc <strong>\u062e\u0627\u0646\u0647 \u062c\u0648\u0627\u0646\u0627\u0646<\/strong> \u062f\u0631 \u0634\u0647\u0631 \u06a9\u0644\u0646 \u0622\u0644\u0645\u0627\u0646 \u0627\u0633\u062a.<\/p>\n<p><strong>\u0622\u062f\u0631\u0633 \u0645\u062d\u0644 \u0628\u0631\u06af\u0632\u0627\u0631\u06cc:<\/strong><br \/>\n<strong>Jugendherberge K\u00f6ln-Deutz City<br \/>\n<\/strong>Siegesstra\u00dfe 5<br \/>\n50679 K\u00f6ln<\/p>\n<p><strong>\u0634\u0645\u0627\u0631\u0647 \u062a\u0644\u0641\u0646 \u0645\u062d\u0644:<br \/>\ntel: 0221-814711<\/strong><\/p>\n<p>\u0628\u0631\u0627\u06cc \u0627\u0637\u0644\u0627\u0639\u0627\u062a \u0628\u064a\u0634\u062a\u0631 \u0645\u06cc \u062a\u0648\u0627\u0646\u064a\u062f \u0628\u0647 \u0648\u0628 \u0633\u0627\u064a\u062a \u062e\u0627\u0646\u0647 \u062c\u0648\u0627\u0646\u0627\u0646 \u0645\u0631\u0627\u062c\u0639\u0647 \u06a9\u0646\u064a\u062f.<br \/>\nwebsite: <a href=\"http:\/\/www.jugendherberge.de\/jh\/rheinland\/koeln-deutz\/\" target=\"_blank\">http:\/\/www.jugendherberge.de\/jh\/rheinland\/koeln-deutz\/<\/a><\/p>\n<p><img loading=\"lazy\" decoding=\"async\" class=\" wp-image-5496 alignnone\" title=\"\u0645\u062d\u0644 \u0628\u0631\u06af\u0632\u0627\u0631\u06cc \u0647\u0645\u0627\u064a\u0634\" src=\"http:\/\/jomhouri.com\/jomhouri\/wp-content\/uploads\/2012\/08\/h5.jpg\" alt=\"\u0645\u062d\u0644 \u0628\u0631\u06af\u0632\u0627\u0631\u06cc \u0647\u0645\u0627\u064a\u0634\" width=\"667\" height=\"463\" srcset=\"http:\/\/jomhouri.com\/jomhouri\/wp-content\/uploads\/2012\/08\/h5.jpg 667w, http:\/\/jomhouri.com\/jomhouri\/wp-content\/uploads\/2012\/08\/h5-300x208.jpg 300w\" sizes=\"(max-width: 667px) 100vw, 667px\" \/><\/p>\n<p><strong>\u0645\u062d\u0644 \u0627\u0642\u0627\u0645\u062a:<\/strong> \u0628\u0631\u0627\u06cc \u0627\u0642\u0627\u0645\u062a \u0686\u0646\u062f \u0631\u0648\u0632\u0647 \u0645\u06cc \u062a\u0648\u0627\u0646\u064a\u062f \u0628\u0627 \u062e\u0627\u0646\u0647 \u062c\u0648\u0627\u0646\u0627\u0646 \u062a\u0645\u0627\u0633 \u06af\u0631\u0641\u062a\u0647 \u0648 \u062f\u0631 \u062e\u0648\u0627\u0628\u06af\u0627\u0647 \u0647\u0645\u0627\u0646 \u0645\u062d\u0644 \u062c\u0627 \u0631\u0632\u0631\u0648 \u06a9\u0646\u064a\u062f.<\/p>\n<p><strong>\u0622\u062f\u0631\u0633\u060c \u062a\u0644\u0641\u0646 \u062a\u0645\u0627\u0633 \u0648 \u0645\u0628\u0644\u063a \u06a9\u0631\u0627\u064a\u0647 \u0627\u0637\u0627\u0642 \u062f\u0631 \u0647\u062a\u0644 \u0647\u0627\u06cc \u0646\u0632\u062f\u064a\u06a9 \u0628\u0647 \u0645\u062d\u0644 \u0628\u0631\u06af\u0632\u0627\u0631\u06cc:<\/strong><\/p>\n<p><strong>Hotel ibis Koln city Messe\/arena<\/strong><br \/>\nBr\u00fcgemann str.1<br \/>\n50679 K\u00f6ln<br \/>\n<strong>tel: 0221-98931-0<\/strong><br \/>\nfax: 0221-98931-555<br \/>\nE-mail: <a href=\"mailto:H3744@accor.com\" target=\"_blank\">H3744@accor.com<\/a><br \/>\n74 \u064a\u0648\u0631\u0648 \u0628\u0627 \u0635\u0628\u062d\u0627\u0646\u0647<br \/>\n&#8230;&#8230;&#8230;&#8230;&#8230;&#8230;&#8230;&#8230;&#8230;&#8230;&#8230;&#8230;&#8230;&#8230;&#8230;&#8230;&#8230;&#8230;&#8230;&#8230;&#8230;&#8230;&#8230;&#8230;&#8230;&#8230;&#8230;&#8230;&#8230;&#8230;<br \/>\n<strong>hotel p\u00fctz<\/strong><br \/>\nkarl str.5-7<br \/>\n50679 k\u00f6ln-deutz<br \/>\n<strong>tel: 0221-811428<\/strong><br \/>\nfax: 0221-885754<br \/>\nE-mail: <a href=\"mailto:info@hotel-puetz.de\" target=\"_blank\">info@hotel-puetz.de<\/a><br \/>\n\u064a\u06a9 \u062a\u062e\u062a 58 \u064a\u0648\u0631\u0648<br \/>\n\u062f\u0648 \u062a\u062e\u062a 86 \u064a\u0648\u0631\u0648<br \/>\n\u0628\u0627 \u062d\u0645\u0627\u0645 \u062f\u0633\u062a \u0634\u0648\u064a\u06cc \u062a\u0644\u0641\u0646 \u0648 \u062a\u0644\u0648\u064a\u0632\u064a\u0648\u0646\u060c \u062f\u0631 200 \u0645\u062a\u0631\u06cc \u0645\u062d\u0644 \u0628\u0631\u06af\u0632\u0627\u0631\u06cc<br \/>\n&#8230;&#8230;&#8230;&#8230;&#8230;&#8230;&#8230;&#8230;&#8230;&#8230;&#8230;&#8230;&#8230;&#8230;&#8230;&#8230;&#8230;&#8230;&#8230;&#8230;&#8230;&#8230;&#8230;&#8230;&#8230;&#8230;&#8230;&#8230;&#8230;&#8230;<br \/>\n<strong>Hotel alte-deutz<\/strong><br \/>\nGraf-ge\u00dfler str.13-15<br \/>\n50679 k\u00f6ln-deutz<br \/>\n<strong>tel: 0221-8019399-0<\/strong><br \/>\nfax: 0221-814641<br \/>\nEmail: <a href=\"mailto:info@hotelaltdeutz.eu\" target=\"_blank\">info@hotelaltdeutz.eu<\/a><br \/>\nwebsite: <a href=\"http:\/\/www.hotelaltdeutz.eu\" target=\"_blank\">www.hotelaltdeutz.eu<\/a><br \/>\n\u064a\u06a9 \u062a\u062e\u062a 50 \u064a\u0648\u0631\u0648<br \/>\n\u062f\u0648 \u062a\u062e\u062a 85 \u064a\u0648\u0631\u0648<br \/>\n\u0628\u0627 \u0635\u0628\u062d\u0627\u0646\u0647\u060c \u0645\u062c\u0647\u0632 \u0628\u0647 \u062f\u0648\u0634 \u062f\u0633\u062a \u0634\u0648\u064a\u06cc \u062a\u0644\u0641\u0646 \u0648 \u062a\u0644\u0648\u064a\u0632\u064a\u0648\u0646\u060c \u062f\u0631 200 \u0645\u062a\u0631\u06cc \u0645\u062d\u0644 \u0628\u0631\u06af\u0632\u0627\u0631\u06cc<br \/>\n&#8230;&#8230;&#8230;&#8230;&#8230;&#8230;&#8230;&#8230;&#8230;&#8230;&#8230;&#8230;&#8230;&#8230;&#8230;&#8230;&#8230;&#8230;&#8230;&#8230;&#8230;&#8230;&#8230;&#8230;&#8230;&#8230;&#8230;&#8230;&#8230;&#8230;<br \/>\n<strong>Hotel insel<\/strong><br \/>\nconstantin str.96<br \/>\n50679 k\u00f6ln-deutz<br \/>\n<strong>tel: 0221-880-3450<\/strong><br \/>\nfax: 0221-880-3490<br \/>\nwebsite: <a href=\"http:\/\/www.inselhotel-koeln.de\" target=\"_blank\">www.inselhotel-koeln.de<\/a><br \/>\nEmail: <a href=\"mailto:mail@inselhotel-koel.de\" target=\"_blank\">mail@inselhotel-koel.de<\/a><br \/>\n\u064a\u06a9 \u062a\u062e\u062a 89 \u064a\u0648\u0631\u0648<br \/>\n\u062f\u0648 \u062a\u062e\u062a 115 \u064a\u0648\u0631\u0648<br \/>\n\u0647\u062a\u0644 \u0646\u0633\u0628\u062a\u0627 \u0645\u062f\u0631\u0646\u060c \u0628\u0627 \u0635\u0628\u062d\u0627\u0646\u0647\u060c \u0645\u062c\u0647\u0632 \u0628\u0647 \u062d\u0645\u0627\u0645 \u062f\u0633\u062a \u0634\u0648\u064a\u06cc \u062a\u0644\u0641\u0646 \u0648 \u062a\u0644\u0648\u064a\u0632\u064a\u0648\u0646\u060c \u062f\u0631 400 \u0645\u062a\u0631\u06cc \u0645\u062d\u0644 \u0628\u0631\u06af\u0632\u0627\u0631\u06cc<br \/>\n&#8230;&#8230;&#8230;&#8230;&#8230;&#8230;&#8230;&#8230;&#8230;&#8230;&#8230;&#8230;&#8230;&#8230;&#8230;&#8230;&#8230;&#8230;&#8230;&#8230;&#8230;&#8230;&#8230;&#8230;&#8230;&#8230;&#8230;&#8230;&#8230;&#8230;<br \/>\n<strong>Deutzer Bahnhof<\/strong><br \/>\nOttoplatz 7<br \/>\n50679 K\u00f6ln<br \/>\n<strong>tel: 0221-880-0615<\/strong><br \/>\nwebsite: <a href=\"http:\/\/www.deutzerbahnhof.de\" target=\"_blank\">www.deutzerbahnhof.de<\/a><br \/>\n&#8230;&#8230;&#8230;&#8230;&#8230;&#8230;&#8230;&#8230;&#8230;&#8230;&#8230;&#8230;&#8230;&#8230;&#8230;&#8230;&#8230;&#8230;&#8230;&#8230;&#8230;&#8230;&#8230;&#8230;&#8230;&#8230;&#8230;&#8230;&#8230;&#8230;<br \/>\n<strong>Deutzer Eckmehr<br \/>\n<\/strong>Deutzer Freiheit 99<br \/>\n50679 K\u00f6ln\u200e<br \/>\n<strong>tel: 0221-881-904<br \/>\n<\/strong>website: <a href=\"http:\/\/www.hotel-deutzer-eck.de\" target=\"_blank\">www.hotel-deutzer-eck.de<br \/>\n<\/a>\u0647\u0631\u0634\u0628 64 \u064a\u0648\u0631\u0648<br \/>\n&#8230;&#8230;&#8230;&#8230;&#8230;&#8230;&#8230;&#8230;&#8230;&#8230;&#8230;&#8230;&#8230;&#8230;&#8230;&#8230;&#8230;&#8230;&#8230;&#8230;&#8230;&#8230;&#8230;&#8230;&#8230;&#8230;&#8230;&#8230;&#8230;&#8230;<br \/>\n<strong>Dorint an der Messe K\u00f6ln<\/strong><strong>\u00a0<br \/>\n<\/strong>Deutz-M\u00fclheimer Stra\u00dfe 22 &#8211; 24<br \/>\n50679 K\u00f6ln<br \/>\n<strong>tel: 0221-80190-0<\/strong><br \/>\n<strong>tel: 0221-80190-800<\/strong><br \/>\nE-mail: <a href=\"mailto:Info.koeln-messe@dorint.com\" target=\"_blank\">info.koeln-messe@dorint.com<\/a><br \/>\nwebsite: <a href=\"http:\/\/hotel-koeln-messe.dorint.com\/\" target=\"_blank\">www.hotel-koeln-messe.dorint.com\/<\/a><br \/>\n&#8230;&#8230;&#8230;&#8230;&#8230;&#8230;&#8230;&#8230;&#8230;&#8230;&#8230;&#8230;&#8230;&#8230;&#8230;&#8230;&#8230;&#8230;&#8230;&#8230;&#8230;&#8230;&#8230;&#8230;&#8230;&#8230;&#8230;&#8230;&#8230;&#8230;<br \/>\n<strong>Hotel SKADA-City C\u00f6lln<\/strong><br \/>\nConstantinstra\u00dfe 78<br \/>\n50679 K\u00f6ln\u200e<br \/>\n<strong>tel: 866-539-0036<br \/>\n<\/strong>website: <a href=\"http:\/\/www.Oskada-city.de\" target=\"_blank\">http:\/\/www.Oskada-city.de<br \/>\n<\/a>\u0647\u0631\u0634\u0628 52 \u064a\u0648\u0631\u0648<br \/>\n&#8230;&#8230;&#8230;&#8230;&#8230;&#8230;&#8230;&#8230;&#8230;&#8230;&#8230;&#8230;&#8230;&#8230;&#8230;&#8230;&#8230;&#8230;&#8230;&#8230;&#8230;&#8230;&#8230;&#8230;&#8230;&#8230;&#8230;&#8230;&#8230;&#8230;<\/p>\n<p>\u06a9\u0645\u064a\u062a\u0647 \u0628\u0631\u06af\u0632\u0627\u0631\u06cc \u0647\u0645\u0627\u064a\u0634 \u0628\u0632\u0648\u062f\u06cc \u0627\u0637\u0644\u0627\u0639\u0627\u062a \u0628\u064a\u0634\u062a\u0631\u06cc \u0631\u0627 \u062f\u0631 \u0627\u062e\u062a\u064a\u0627\u0631 \u0634\u0645\u0627 \u0642\u0631\u0627\u0631 \u062e\u0648\u0627\u0647\u062f \u062f\u0627\u062f.<br \/>\n\u0645\u06cc \u062a\u0648\u0627\u0646\u064a\u062f \u0627\u0632 \u0637\u0631\u064a\u0642 \u0627\u064a\u0645\u064a\u0644 \u0627\u062a\u062d\u0627\u062f \u062c\u0645\u0647\u0648\u0631\u06cc \u062e\u0648\u0627\u0647\u0627\u0646 \u0628\u0627 \u0645\u0627 \u062a\u0645\u0627\u0633 \u0628\u06af\u064a\u0631\u064a\u062f.<br \/>\n\u0644\u0637\u0641\u0627 \u0634\u0631\u06a9\u062a \u062e\u0648\u062f \u0631\u0627 \u0647\u0631\u0686\u0647 \u0632\u0648\u062f\u062a\u0631 \u0628\u0647 \u0645\u0627 \u0627\u0637\u0644\u0627\u0639 \u062f\u0647\u064a\u062f.<br \/>\n<a href=\"mailto:contact@jomhouri.com\" target=\"_blank\">contact@jomhouri.com<\/a><\/p>\n<p><img loading=\"lazy\" decoding=\"async\" class=\"size-full wp-image-5497 alignnone\" title=\"jomhouri-logo\" src=\"http:\/\/jomhouri.com\/jomhouri\/wp-content\/uploads\/2012\/08\/jomhourlogo.jpg\" alt=\"\" width=\"137\" height=\"25\" \/><br \/>\n\u06a9\u0645\u064a\u062a\u0647 \u00a0\u0628\u0631\u06af\u0632\u0627\u0631\u06cc \u067e\u0646\u062c\u0645\u064a\u0646 \u0647\u0645\u0627\u064a\u0634 \u0627\u062a\u062d\u0627\u062f \u062c\u0645\u0647\u0648\u0631\u06cc \u062e\u0648\u0627\u0647\u0627\u0646 \u0627\u064a\u0631\u0627\u0646<br \/>\n&#8230;&#8230;&#8230;&#8230;&#8230;&#8230;&#8230;&#8230;&#8230;&#8230;&#8230;&#8230;&#8230;&#8230;&#8230;&#8230;&#8230;&#8230;&#8230;&#8230;&#8230;&#8230;&#8230;&#8230;&#8230;&#8230;&#8230;&#8230;&#8230;&#8230;<br \/>\nDownload<br \/>\n<a href=\"http:\/\/jomhouri.com\/jomhouri\/wp-content\/uploads\/2012\/08\/hamayesh5.pdf\" target=\"blank\">&#8211; \u0622\u06af\u0647\u06cc \u0628\u0631\u06af\u0632\u0627\u0631\u06cc \u0647\u0645\u0627\u064a\u0634 \u062f\u0631 \u0641\u0631\u0645\u062a \u067e\u06cc \u062f\u06cc \u0627\u0641<\/a><br \/>\n<a href=\"http:\/\/jomhouri.com\/jomhouri\/wp-content\/uploads\/2012\/08\/hamayesh5.doc\" target=\"blank\">&#8211; \u0622\u06af\u0647\u06cc \u0628\u0631\u06af\u0632\u0627\u0631\u06cc \u0647\u0645\u0627\u064a\u0634 \u062f\u0631 \u0641\u0631\u0645\u062a \u0648\u0631\u062f<\/a><\/p>\n","protected":false},"excerpt":{"rendered":"<p>\u067e\u0646\u062c\u0645\u064a\u0646 \u0647\u0645\u0627\u064a\u0634 \u0627\u062a\u062d\u0627\u062f \u062c\u0645\u0647\u0648\u0631\u06cc \u062e\u0648\u0627\u0647\u0627\u0646 \u0627\u064a\u0631\u0627\u0646 \u0627\u0632 \u062f\u0648\u0627\u0632\u062f\u0647 \u062a\u0627 \u0686\u0647\u0627\u0631\u062f\u0647\u0645 \u0645\u0627\u0647 \u0627\u06a9\u062a\u0628\u0631 \u0633\u0627\u0644 2012 \u0628\u0631\u06af\u0632\u0627\u0631 \u0645\u06cc \u0634\u0648\u062f. \u0645\u062d\u0644 \u0628\u0631\u06af\u0632\u0627\u0631\u06cc: \u0645\u062d\u0644 \u0628\u0631\u06af\u0632\u0627\u0631\u06cc \u062e\u0627\u0646\u0647 \u062c\u0648\u0627\u0646\u0627\u0646 \u062f\u0631 \u0634\u0647\u0631 \u06a9\u0644\u0646 \u0622\u0644\u0645\u0627\u0646 \u0627\u0633\u062a. \u0622\u062f\u0631\u0633 \u0645\u062d\u0644 \u0628\u0631\u06af\u0632\u0627\u0631\u06cc: Jugendherberge K\u00f6ln-Deutz City Siegesstra\u00dfe 5 50679 K\u00f6ln \u0634\u0645\u0627\u0631\u0647 \u062a\u0644\u0641\u0646 \u0645\u062d\u0644: tel: 0221-814711 \u0628\u0631\u0627\u06cc \u0627\u0637\u0644\u0627\u0639\u0627\u062a \u0628\u064a\u0634\u062a\u0631 \u0645\u06cc \u062a\u0648\u0627\u0646\u064a\u062f \u0628\u0647 \u0648\u0628 \u0633\u0627\u064a\u062a \u062e\u0627\u0646\u0647 \u062c\u0648\u0627\u0646\u0627\u0646 \u0645\u0631\u0627\u062c\u0639\u0647 \u06a9\u0646\u064a\u062f. website: http:\/\/www.jugendherberge.de\/jh\/rheinland\/koeln-deutz\/ \u0645\u062d\u0644 \u0627\u0642\u0627\u0645\u062a: \u0628\u0631\u0627\u06cc [&#8230;]<\/p>\n","protected":false},"author":1,"featured_media":0,"parent":0,"menu_order":0,"comment_status":"closed","ping_status":"closed","template":"","meta":{"footnotes":""},"yoast_head":"<!-- This site is optimized with the Yoast SEO plugin v22.4 - https:\/\/yoast.com\/wordpress\/plugins\/seo\/ -->\n<title>\u0647\u0645\u0627\u064a\u0634 \u067e\u0646\u062c\u0645 \u0627\u062a\u062d\u0627\u062f \u062c\u0645\u0647\u0648\u0631\u06cc \u062e\u0648\u0627\u0647\u0627\u0646 \u0627\u064a\u0631\u0627\u0646 - \u062c\u0645\u0647\u0648\u0631\u06cc<\/title>\n<meta name=\"robots\" content=\"index, follow, max-snippet:-1, max-image-preview:large, max-video-preview:-1\" \/>\n<link rel=\"canonical\" href=\"http:\/\/jomhouri.com\/jomhouri\/hamayesh5\" \/>\n<meta property=\"og:locale\" content=\"en_US\" \/>\n<meta property=\"og:type\" content=\"article\" \/>\n<meta property=\"og:title\" content=\"\u0647\u0645\u0627\u064a\u0634 \u067e\u0646\u062c\u0645 \u0627\u062a\u062d\u0627\u062f \u062c\u0645\u0647\u0648\u0631\u06cc \u062e\u0648\u0627\u0647\u0627\u0646 \u0627\u064a\u0631\u0627\u0646 - \u062c\u0645\u0647\u0648\u0631\u06cc\" \/>\n<meta property=\"og:description\" content=\"\u067e\u0646\u062c\u0645\u064a\u0646 \u0647\u0645\u0627\u064a\u0634 \u0627\u062a\u062d\u0627\u062f \u062c\u0645\u0647\u0648\u0631\u06cc \u062e\u0648\u0627\u0647\u0627\u0646 \u0627\u064a\u0631\u0627\u0646 \u0627\u0632 \u062f\u0648\u0627\u0632\u062f\u0647 \u062a\u0627 \u0686\u0647\u0627\u0631\u062f\u0647\u0645 \u0645\u0627\u0647 \u0627\u06a9\u062a\u0628\u0631 \u0633\u0627\u0644 2012 \u0628\u0631\u06af\u0632\u0627\u0631 \u0645\u06cc \u0634\u0648\u062f. \u0645\u062d\u0644 \u0628\u0631\u06af\u0632\u0627\u0631\u06cc: \u0645\u062d\u0644 \u0628\u0631\u06af\u0632\u0627\u0631\u06cc \u062e\u0627\u0646\u0647 \u062c\u0648\u0627\u0646\u0627\u0646 \u062f\u0631 \u0634\u0647\u0631 \u06a9\u0644\u0646 \u0622\u0644\u0645\u0627\u0646 \u0627\u0633\u062a. \u0622\u062f\u0631\u0633 \u0645\u062d\u0644 \u0628\u0631\u06af\u0632\u0627\u0631\u06cc: Jugendherberge K\u00f6ln-Deutz City Siegesstra\u00dfe 5 50679 K\u00f6ln \u0634\u0645\u0627\u0631\u0647 \u062a\u0644\u0641\u0646 \u0645\u062d\u0644: tel: 0221-814711 \u0628\u0631\u0627\u06cc \u0627\u0637\u0644\u0627\u0639\u0627\u062a \u0628\u064a\u0634\u062a\u0631 \u0645\u06cc \u062a\u0648\u0627\u0646\u064a\u062f \u0628\u0647 \u0648\u0628 \u0633\u0627\u064a\u062a \u062e\u0627\u0646\u0647 \u062c\u0648\u0627\u0646\u0627\u0646 \u0645\u0631\u0627\u062c\u0639\u0647 \u06a9\u0646\u064a\u062f. website: http:\/\/www.jugendherberge.de\/jh\/rheinland\/koeln-deutz\/ \u0645\u062d\u0644 \u0627\u0642\u0627\u0645\u062a: \u0628\u0631\u0627\u06cc [...]\" \/>\n<meta property=\"og:url\" content=\"http:\/\/jomhouri.com\/jomhouri\/hamayesh5\" \/>\n<meta property=\"og:site_name\" content=\"\u062c\u0645\u0647\u0648\u0631\u06cc\" \/>\n<meta property=\"article:modified_time\" content=\"2012-08-19T01:07:52+00:00\" \/>\n<meta property=\"og:image\" content=\"http:\/\/jomhouri.com\/jomhouri\/wp-content\/uploads\/2012\/08\/h5.jpg\" \/>\n<meta name=\"twitter:card\" content=\"summary_large_image\" \/>\n<meta name=\"twitter:label1\" content=\"Est. reading time\" \/>\n\t<meta name=\"twitter:data1\" content=\"1 minute\" \/>\n<script type=\"application\/ld+json\" class=\"yoast-schema-graph\">{\"@context\":\"https:\/\/schema.org\",\"@graph\":[{\"@type\":\"WebPage\",\"@id\":\"http:\/\/jomhouri.com\/jomhouri\/hamayesh5\",\"url\":\"http:\/\/jomhouri.com\/jomhouri\/hamayesh5\",\"name\":\"\u0647\u0645\u0627\u064a\u0634 \u067e\u0646\u062c\u0645 \u0627\u062a\u062d\u0627\u062f \u062c\u0645\u0647\u0648\u0631\u06cc \u062e\u0648\u0627\u0647\u0627\u0646 \u0627\u064a\u0631\u0627\u0646 - \u062c\u0645\u0647\u0648\u0631\u06cc\",\"isPartOf\":{\"@id\":\"http:\/\/jomhouri.com\/jomhouri\/#website\"},\"primaryImageOfPage\":{\"@id\":\"http:\/\/jomhouri.com\/jomhouri\/hamayesh5#primaryimage\"},\"image\":{\"@id\":\"http:\/\/jomhouri.com\/jomhouri\/hamayesh5#primaryimage\"},\"thumbnailUrl\":\"http:\/\/jomhouri.com\/jomhouri\/wp-content\/uploads\/2012\/08\/h5.jpg\",\"datePublished\":\"2012-08-13T04:59:34+00:00\",\"dateModified\":\"2012-08-19T01:07:52+00:00\",\"breadcrumb\":{\"@id\":\"http:\/\/jomhouri.com\/jomhouri\/hamayesh5#breadcrumb\"},\"inLanguage\":\"en-US\",\"potentialAction\":[{\"@type\":\"ReadAction\",\"target\":[\"http:\/\/jomhouri.com\/jomhouri\/hamayesh5\"]}]},{\"@type\":\"ImageObject\",\"inLanguage\":\"en-US\",\"@id\":\"http:\/\/jomhouri.com\/jomhouri\/hamayesh5#primaryimage\",\"url\":\"http:\/\/jomhouri.com\/jomhouri\/wp-content\/uploads\/2012\/08\/h5.jpg\",\"contentUrl\":\"http:\/\/jomhouri.com\/jomhouri\/wp-content\/uploads\/2012\/08\/h5.jpg\",\"width\":\"667\",\"height\":\"463\",\"caption\":\"\u0645\u062d\u0644 \u0628\u0631\u06af\u0632\u0627\u0631\u06cc \u0647\u0645\u0627\u064a\u0634\"},{\"@type\":\"BreadcrumbList\",\"@id\":\"http:\/\/jomhouri.com\/jomhouri\/hamayesh5#breadcrumb\",\"itemListElement\":[{\"@type\":\"ListItem\",\"position\":1,\"name\":\"Home\",\"item\":\"http:\/\/jomhouri.com\/jomhouri\"},{\"@type\":\"ListItem\",\"position\":2,\"name\":\"\u0647\u0645\u0627\u064a\u0634 \u067e\u0646\u062c\u0645 \u0627\u062a\u062d\u0627\u062f \u062c\u0645\u0647\u0648\u0631\u06cc \u062e\u0648\u0627\u0647\u0627\u0646 \u0627\u064a\u0631\u0627\u0646\"}]},{\"@type\":\"WebSite\",\"@id\":\"http:\/\/jomhouri.com\/jomhouri\/#website\",\"url\":\"http:\/\/jomhouri.com\/jomhouri\/\",\"name\":\"\u062c\u0645\u0647\u0648\u0631\u06cc\",\"description\":\"United Republicans of Iran\",\"publisher\":{\"@id\":\"http:\/\/jomhouri.com\/jomhouri\/#organization\"},\"potentialAction\":[{\"@type\":\"SearchAction\",\"target\":{\"@type\":\"EntryPoint\",\"urlTemplate\":\"http:\/\/jomhouri.com\/jomhouri\/?s={search_term_string}\"},\"query-input\":\"required name=search_term_string\"}],\"inLanguage\":\"en-US\"},{\"@type\":\"Organization\",\"@id\":\"http:\/\/jomhouri.com\/jomhouri\/#organization\",\"name\":\"\u062c\u0645\u0647\u0648\u0631\u06cc\",\"url\":\"http:\/\/jomhouri.com\/jomhouri\/\",\"logo\":{\"@type\":\"ImageObject\",\"inLanguage\":\"en-US\",\"@id\":\"http:\/\/jomhouri.com\/jomhouri\/#\/schema\/logo\/image\/\",\"url\":\"http:\/\/jomhouri.com\/jomhouri\/wp-content\/uploads\/2023\/08\/header1340_125ba.png\",\"contentUrl\":\"http:\/\/jomhouri.com\/jomhouri\/wp-content\/uploads\/2023\/08\/header1340_125ba.png\",\"width\":1340,\"height\":125,\"caption\":\"\u062c\u0645\u0647\u0648\u0631\u06cc\"},\"image\":{\"@id\":\"http:\/\/jomhouri.com\/jomhouri\/#\/schema\/logo\/image\/\"}}]}<\/script>\n<!-- \/ Yoast SEO plugin. -->","yoast_head_json":{"title":"\u0647\u0645\u0627\u064a\u0634 \u067e\u0646\u062c\u0645 \u0627\u062a\u062d\u0627\u062f \u062c\u0645\u0647\u0648\u0631\u06cc \u062e\u0648\u0627\u0647\u0627\u0646 \u0627\u064a\u0631\u0627\u0646 - \u062c\u0645\u0647\u0648\u0631\u06cc","robots":{"index":"index","follow":"follow","max-snippet":"max-snippet:-1","max-image-preview":"max-image-preview:large","max-video-preview":"max-video-preview:-1"},"canonical":"http:\/\/jomhouri.com\/jomhouri\/hamayesh5","og_locale":"en_US","og_type":"article","og_title":"\u0647\u0645\u0627\u064a\u0634 \u067e\u0646\u062c\u0645 \u0627\u062a\u062d\u0627\u062f \u062c\u0645\u0647\u0648\u0631\u06cc \u062e\u0648\u0627\u0647\u0627\u0646 \u0627\u064a\u0631\u0627\u0646 - \u062c\u0645\u0647\u0648\u0631\u06cc","og_description":"\u067e\u0646\u062c\u0645\u064a\u0646 \u0647\u0645\u0627\u064a\u0634 \u0627\u062a\u062d\u0627\u062f \u062c\u0645\u0647\u0648\u0631\u06cc \u062e\u0648\u0627\u0647\u0627\u0646 \u0627\u064a\u0631\u0627\u0646 \u0627\u0632 \u062f\u0648\u0627\u0632\u062f\u0647 \u062a\u0627 \u0686\u0647\u0627\u0631\u062f\u0647\u0645 \u0645\u0627\u0647 \u0627\u06a9\u062a\u0628\u0631 \u0633\u0627\u0644 2012 \u0628\u0631\u06af\u0632\u0627\u0631 \u0645\u06cc \u0634\u0648\u062f. \u0645\u062d\u0644 \u0628\u0631\u06af\u0632\u0627\u0631\u06cc: \u0645\u062d\u0644 \u0628\u0631\u06af\u0632\u0627\u0631\u06cc \u062e\u0627\u0646\u0647 \u062c\u0648\u0627\u0646\u0627\u0646 \u062f\u0631 \u0634\u0647\u0631 \u06a9\u0644\u0646 \u0622\u0644\u0645\u0627\u0646 \u0627\u0633\u062a. \u0622\u062f\u0631\u0633 \u0645\u062d\u0644 \u0628\u0631\u06af\u0632\u0627\u0631\u06cc: Jugendherberge K\u00f6ln-Deutz City Siegesstra\u00dfe 5 50679 K\u00f6ln \u0634\u0645\u0627\u0631\u0647 \u062a\u0644\u0641\u0646 \u0645\u062d\u0644: tel: 0221-814711 \u0628\u0631\u0627\u06cc \u0627\u0637\u0644\u0627\u0639\u0627\u062a \u0628\u064a\u0634\u062a\u0631 \u0645\u06cc \u062a\u0648\u0627\u0646\u064a\u062f \u0628\u0647 \u0648\u0628 \u0633\u0627\u064a\u062a \u062e\u0627\u0646\u0647 \u062c\u0648\u0627\u0646\u0627\u0646 \u0645\u0631\u0627\u062c\u0639\u0647 \u06a9\u0646\u064a\u062f. website: http:\/\/www.jugendherberge.de\/jh\/rheinland\/koeln-deutz\/ \u0645\u062d\u0644 \u0627\u0642\u0627\u0645\u062a: \u0628\u0631\u0627\u06cc [...]","og_url":"http:\/\/jomhouri.com\/jomhouri\/hamayesh5","og_site_name":"\u062c\u0645\u0647\u0648\u0631\u06cc","article_modified_time":"2012-08-19T01:07:52+00:00","og_image":[{"url":"http:\/\/jomhouri.com\/jomhouri\/wp-content\/uploads\/2012\/08\/h5.jpg"}],"twitter_card":"summary_large_image","twitter_misc":{"Est. reading time":"1 minute"},"schema":{"@context":"https:\/\/schema.org","@graph":[{"@type":"WebPage","@id":"http:\/\/jomhouri.com\/jomhouri\/hamayesh5","url":"http:\/\/jomhouri.com\/jomhouri\/hamayesh5","name":"\u0647\u0645\u0627\u064a\u0634 \u067e\u0646\u062c\u0645 \u0627\u062a\u062d\u0627\u062f \u062c\u0645\u0647\u0648\u0631\u06cc \u062e\u0648\u0627\u0647\u0627\u0646 \u0627\u064a\u0631\u0627\u0646 - \u062c\u0645\u0647\u0648\u0631\u06cc","isPartOf":{"@id":"http:\/\/jomhouri.com\/jomhouri\/#website"},"primaryImageOfPage":{"@id":"http:\/\/jomhouri.com\/jomhouri\/hamayesh5#primaryimage"},"image":{"@id":"http:\/\/jomhouri.com\/jomhouri\/hamayesh5#primaryimage"},"thumbnailUrl":"http:\/\/jomhouri.com\/jomhouri\/wp-content\/uploads\/2012\/08\/h5.jpg","datePublished":"2012-08-13T04:59:34+00:00","dateModified":"2012-08-19T01:07:52+00:00","breadcrumb":{"@id":"http:\/\/jomhouri.com\/jomhouri\/hamayesh5#breadcrumb"},"inLanguage":"en-US","potentialAction":[{"@type":"ReadAction","target":["http:\/\/jomhouri.com\/jomhouri\/hamayesh5"]}]},{"@type":"ImageObject","inLanguage":"en-US","@id":"http:\/\/jomhouri.com\/jomhouri\/hamayesh5#primaryimage","url":"http:\/\/jomhouri.com\/jomhouri\/wp-content\/uploads\/2012\/08\/h5.jpg","contentUrl":"http:\/\/jomhouri.com\/jomhouri\/wp-content\/uploads\/2012\/08\/h5.jpg","width":"667","height":"463","caption":"\u0645\u062d\u0644 \u0628\u0631\u06af\u0632\u0627\u0631\u06cc \u0647\u0645\u0627\u064a\u0634"},{"@type":"BreadcrumbList","@id":"http:\/\/jomhouri.com\/jomhouri\/hamayesh5#breadcrumb","itemListElement":[{"@type":"ListItem","position":1,"name":"Home","item":"http:\/\/jomhouri.com\/jomhouri"},{"@type":"ListItem","position":2,"name":"\u0647\u0645\u0627\u064a\u0634 \u067e\u0646\u062c\u0645 \u0627\u062a\u062d\u0627\u062f \u062c\u0645\u0647\u0648\u0631\u06cc \u062e\u0648\u0627\u0647\u0627\u0646 \u0627\u064a\u0631\u0627\u0646"}]},{"@type":"WebSite","@id":"http:\/\/jomhouri.com\/jomhouri\/#website","url":"http:\/\/jomhouri.com\/jomhouri\/","name":"\u062c\u0645\u0647\u0648\u0631\u06cc","description":"United Republicans of Iran","publisher":{"@id":"http:\/\/jomhouri.com\/jomhouri\/#organization"},"potentialAction":[{"@type":"SearchAction","target":{"@type":"EntryPoint","urlTemplate":"http:\/\/jomhouri.com\/jomhouri\/?s={search_term_string}"},"query-input":"required name=search_term_string"}],"inLanguage":"en-US"},{"@type":"Organization","@id":"http:\/\/jomhouri.com\/jomhouri\/#organization","name":"\u062c\u0645\u0647\u0648\u0631\u06cc","url":"http:\/\/jomhouri.com\/jomhouri\/","logo":{"@type":"ImageObject","inLanguage":"en-US","@id":"http:\/\/jomhouri.com\/jomhouri\/#\/schema\/logo\/image\/","url":"http:\/\/jomhouri.com\/jomhouri\/wp-content\/uploads\/2023\/08\/header1340_125ba.png","contentUrl":"http:\/\/jomhouri.com\/jomhouri\/wp-content\/uploads\/2023\/08\/header1340_125ba.png","width":1340,"height":125,"caption":"\u062c\u0645\u0647\u0648\u0631\u06cc"},"image":{"@id":"http:\/\/jomhouri.com\/jomhouri\/#\/schema\/logo\/image\/"}}]}},"_links":{"self":[{"href":"http:\/\/jomhouri.com\/jomhouri\/wp-json\/wp\/v2\/pages\/5495"}],"collection":[{"href":"http:\/\/jomhouri.com\/jomhouri\/wp-json\/wp\/v2\/pages"}],"about":[{"href":"http:\/\/jomhouri.com\/jomhouri\/wp-json\/wp\/v2\/types\/page"}],"author":[{"embeddable":true,"href":"http:\/\/jomhouri.com\/jomhouri\/wp-json\/wp\/v2\/users\/1"}],"replies":[{"embeddable":true,"href":"http:\/\/jomhouri.com\/jomhouri\/wp-json\/wp\/v2\/comments?post=5495"}],"version-history":[{"count":33,"href":"http:\/\/jomhouri.com\/jomhouri\/wp-json\/wp\/v2\/pages\/5495\/revisions"}],"predecessor-version":[{"id":5514,"href":"http:\/\/jomhouri.com\/jomhouri\/wp-json\/wp\/v2\/pages\/5495\/revisions\/5514"}],"wp:attachment":[{"href":"http:\/\/jomhouri.com\/jomhouri\/wp-json\/wp\/v2\/media?parent=5495"}],"curies":[{"name":"wp","href":"https:\/\/api.w.org\/{rel}","templated":true}]}}